{"id":610,"date":"2023-01-29T14:23:25","date_gmt":"2023-01-29T11:23:25","guid":{"rendered":"https:\/\/tmktekstil.com\/?page_id=610"},"modified":"2023-03-08T17:51:51","modified_gmt":"2023-03-08T14:51:51","slug":"kataloglarimiz","status":"publish","type":"page","link":"https:\/\/tmktekstil.com\/index.php\/kataloglarimiz\/","title":{"rendered":"kataloglar\u0131m\u0131z"},"content":{"rendered":"\t\t<div data-elementor-type=\"wp-page\" data-elementor-id=\"610\" class=\"elementor elementor-610\">\n\t\t\t\t\t\t\t\t\t<section class=\"elementor-section elementor-top-section elementor-element elementor-element-b751dde elementor-section-boxed elementor-section-height-default elementor-section-height-default\" data-id=\"b751dde\" data-element_type=\"section\">\n\t\t\t\t\t\t<div class=\"elementor-container elementor-column-gap-default\">\n\t\t\t\t\t<div class=\"elementor-column elementor-col-100 elementor-top-column elementor-element elementor-element-7216a79\" data-id=\"7216a79\" data-element_type=\"column\">\n\t\t\t<div class=\"elementor-widget-wrap elementor-element-populated\">\n\t\t\t\t\t\t\t\t<section class=\"elementor-section elementor-inner-section elementor-element elementor-element-ebaebb1 elementor-section-boxed elementor-section-height-default elementor-section-height-default\" data-id=\"ebaebb1\" data-element_type=\"section\">\n\t\t\t\t\t\t<div class=\"elementor-container elementor-column-gap-default\">\n\t\t\t\t\t<div class=\"elementor-column elementor-col-50 elementor-inner-column elementor-element elementor-element-ea3cd62\" data-id=\"ea3cd62\" data-element_type=\"column\">\n\t\t\t<div class=\"elementor-widget-wrap elementor-element-populated\">\n\t\t\t\t\t\t\t\t<div class=\"elementor-element elementor-element-02a0512 elementor-widget elementor-widget-heading\" data-id=\"02a0512\" data-element_type=\"widget\" data-widget_type=\"heading.default\">\n\t\t\t\t<div class=\"elementor-widget-container\">\n\t\t\t<style>\/*! elementor - v3.10.1 - 17-01-2023 *\/\n.elementor-heading-title{padding:0;margin:0;line-height:1}.elementor-widget-heading .elementor-heading-title[class*=elementor-size-]>a{color:inherit;font-size:inherit;line-height:inherit}.elementor-widget-heading .elementor-heading-title.elementor-size-small{font-size:15px}.elementor-widget-heading .elementor-heading-title.elementor-size-medium{font-size:19px}.elementor-widget-heading .elementor-heading-title.elementor-size-large{font-size:29px}.elementor-widget-heading .elementor-heading-title.elementor-size-xl{font-size:39px}.elementor-widget-heading .elementor-heading-title.elementor-size-xxl{font-size:59px}<\/style><h2 class=\"elementor-heading-title elementor-size-default\">2021<\/h2>\t\t<\/div>\n\t\t\t\t<\/div>\n\t\t\t\t<div class=\"elementor-element elementor-element-d8c6c6c elementor-widget elementor-widget-text-editor\" data-id=\"d8c6c6c\" data-element_type=\"widget\" data-widget_type=\"text-editor.default\">\n\t\t\t\t<div class=\"elementor-widget-container\">\n\t\t\t<style>\/*! elementor - v3.10.1 - 17-01-2023 *\/\n.elementor-widget-text-editor.elementor-drop-cap-view-stacked .elementor-drop-cap{background-color:#818a91;color:#fff}.elementor-widget-text-editor.elementor-drop-cap-view-framed .elementor-drop-cap{color:#818a91;border:3px solid;background-color:transparent}.elementor-widget-text-editor:not(.elementor-drop-cap-view-default) .elementor-drop-cap{margin-top:8px}.elementor-widget-text-editor:not(.elementor-drop-cap-view-default) .elementor-drop-cap-letter{width:1em;height:1em}.elementor-widget-text-editor .elementor-drop-cap{float:left;text-align:center;line-height:1;font-size:50px}.elementor-widget-text-editor .elementor-drop-cap-letter{display:inline-block}<\/style>\t\t\t\t<h5 style=\"text-align: center;\"><a href=\"http:\/\/tmktekstil.com\/wp-content\/uploads\/2023\/01\/2021-catalog-runfengyuan.pdf\"><span style=\"color: #1c9c84;\">2021 katalo\u011funu indirmek i\u00e7in l\u00fctfen t\u0131klay\u0131n\u0131z<\/span><\/a><\/h5>\t\t\t\t\t\t<\/div>\n\t\t\t\t<\/div>\n\t\t\t\t<div class=\"elementor-element elementor-element-24540c1 elementor-widget elementor-widget-html\" data-id=\"24540c1\" data-element_type=\"widget\" data-widget_type=\"html.default\">\n\t\t\t\t<div class=\"elementor-widget-container\">\n\t\t\t<iframe src=\"https:\/\/drive.google.com\/file\/d\/1-TXk_4zhjzuIWjJB7Pc7e4N1ePwm-sh9\/preview\" width=\"640\" height=\"725\" allow=\"autoplay\"><\/iframe>\t\t<\/div>\n\t\t\t\t<\/div>\n\t\t\t\t\t<\/div>\n\t\t<\/div>\n\t\t\t\t<div class=\"elementor-column elementor-col-50 elementor-inner-column elementor-element elementor-element-ad15b42\" data-id=\"ad15b42\" data-element_type=\"column\">\n\t\t\t<div class=\"elementor-widget-wrap elementor-element-populated\">\n\t\t\t\t\t\t\t\t<div class=\"elementor-element elementor-element-9dabc29 elementor-widget elementor-widget-heading\" data-id=\"9dabc29\" data-element_type=\"widget\" data-widget_type=\"heading.default\">\n\t\t\t\t<div class=\"elementor-widget-container\">\n\t\t\t<h2 class=\"elementor-heading-title elementor-size-default\">2022<\/h2>\t\t<\/div>\n\t\t\t\t<\/div>\n\t\t\t\t<div class=\"elementor-element elementor-element-a4b1d85 elementor-widget elementor-widget-text-editor\" data-id=\"a4b1d85\" data-element_type=\"widget\" data-widget_type=\"text-editor.default\">\n\t\t\t\t<div class=\"elementor-widget-container\">\n\t\t\t\t\t\t\t<h5 style=\"text-align: center;\"><a href=\"http:\/\/tmktekstil.com\/wp-content\/uploads\/2023\/01\/2022-catalog-runfengyuan.pdf\"><span style=\"color: #1c9c84;\">2022 katalo\u011funu indirmek i\u00e7in l\u00fctfen t\u0131klay\u0131n\u0131z<\/span><\/a><\/h5>\t\t\t\t\t\t<\/div>\n\t\t\t\t<\/div>\n\t\t\t\t<div class=\"elementor-element elementor-element-3b46a23 elementor-widget elementor-widget-html\" data-id=\"3b46a23\" data-element_type=\"widget\" data-widget_type=\"html.default\">\n\t\t\t\t<div class=\"elementor-widget-container\">\n\t\t\t<iframe src=\"https:\/\/drive.google.com\/file\/d\/1-Y2xOE5A0kS4EGb5HqV6SIvOIdcfDNNR\/preview\" width=\"640\" height=\"725\" allow=\"autoplay\"><\/iframe>\t\t<\/div>\n\t\t\t\t<\/div>\n\t\t\t\t\t<\/div>\n\t\t<\/div>\n\t\t\t\t\t\t\t<\/div>\n\t\t<\/section>\n\t\t\t\t\t<\/div>\n\t\t<\/div>\n\t\t\t\t\t\t\t<\/div>\n\t\t<\/section>\n\t\t\t\t\t\t\t<\/div>\n\t\t","protected":false},"excerpt":{"rendered":"<p>2021 2021 katalo\u011funu indirmek i\u00e7in l\u00fctfen t\u0131klay\u0131n\u0131z 2022 2022 katalo\u011funu indirmek i\u00e7in l\u00fctfen t\u0131klay\u0131n\u0131z<\/p>\n","protected":false},"author":1,"featured_media":0,"parent":0,"menu_order":0,"comment_status":"closed","ping_status":"closed","template":"","meta":{"site-sidebar-layout":"no-sidebar","site-content-layout":"page-builder","ast-global-header-display":"","ast-main-header-display":"","ast-hfb-above-header-display":"","ast-hfb-below-header-display":"","ast-hfb-mobile-header-display":"","site-post-title":"disabled","ast-breadcrumbs-content":"","ast-featured-img":"disabled","footer-sml-layout":"","theme-transparent-header-meta":"","adv-header-id-meta":"","stick-header-meta":"","header-above-stick-meta":"","header-main-stick-meta":"","header-below-stick-meta":""},"yoast_head":"<!-- This site is optimized with the Yoast SEO plugin v20.0 - https:\/\/yoast.com\/wordpress\/plugins\/seo\/ -->\n<title>kataloglar\u0131m\u0131z - TMK Tekstil<\/title>\n<meta name=\"robots\" content=\"index, follow, max-snippet:-1, max-image-preview:large, max-video-preview:-1\" \/>\n<link rel=\"canonical\" href=\"https:\/\/tmktekstil.com\/index.php\/kataloglarimiz\/\" \/>\n<meta property=\"og:locale\" content=\"tr_TR\" \/>\n<meta property=\"og:type\" content=\"article\" \/>\n<meta property=\"og:title\" content=\"kataloglar\u0131m\u0131z - TMK Tekstil\" \/>\n<meta property=\"og:description\" content=\"2021 2021 katalo\u011funu indirmek i\u00e7in l\u00fctfen t\u0131klay\u0131n\u0131z 2022 2022 katalo\u011funu indirmek i\u00e7in l\u00fctfen t\u0131klay\u0131n\u0131z\" \/>\n<meta property=\"og:url\" content=\"https:\/\/tmktekstil.com\/index.php\/kataloglarimiz\/\" \/>\n<meta property=\"og:site_name\" content=\"TMK Tekstil\" \/>\n<meta property=\"article:publisher\" content=\"https:\/\/www.instagram.com\/tmkteknik\" \/>\n<meta property=\"article:modified_time\" content=\"2023-03-08T14:51:51+00:00\" \/>\n<meta name=\"twitter:card\" content=\"summary_large_image\" \/>\n<meta name=\"twitter:label1\" content=\"Tahmini okuma s\u00fcresi\" \/>\n\t<meta name=\"twitter:data1\" content=\"1 dakika\" \/>\n<script type=\"application\/ld+json\" class=\"yoast-schema-graph\">{\"@context\":\"https:\/\/schema.org\",\"@graph\":[{\"@type\":\"WebPage\",\"@id\":\"https:\/\/tmktekstil.com\/index.php\/kataloglarimiz\/\",\"url\":\"https:\/\/tmktekstil.com\/index.php\/kataloglarimiz\/\",\"name\":\"kataloglar\u0131m\u0131z - TMK Tekstil\",\"isPartOf\":{\"@id\":\"https:\/\/tmktekstil.com\/#website\"},\"datePublished\":\"2023-01-29T11:23:25+00:00\",\"dateModified\":\"2023-03-08T14:51:51+00:00\",\"breadcrumb\":{\"@id\":\"https:\/\/tmktekstil.com\/index.php\/kataloglarimiz\/#breadcrumb\"},\"inLanguage\":\"tr\",\"potentialAction\":[{\"@type\":\"ReadAction\",\"target\":[\"https:\/\/tmktekstil.com\/index.php\/kataloglarimiz\/\"]}]},{\"@type\":\"BreadcrumbList\",\"@id\":\"https:\/\/tmktekstil.com\/index.php\/kataloglarimiz\/#breadcrumb\",\"itemListElement\":[{\"@type\":\"ListItem\",\"position\":1,\"name\":\"Anasayfa\",\"item\":\"https:\/\/tmktekstil.com\/\"},{\"@type\":\"ListItem\",\"position\":2,\"name\":\"kataloglar\u0131m\u0131z\"}]},{\"@type\":\"WebSite\",\"@id\":\"https:\/\/tmktekstil.com\/#website\",\"url\":\"https:\/\/tmktekstil.com\/\",\"name\":\"TMK Tekstil\",\"description\":\"Run Feng Yuan \u00c7\u00f6zg\u00fcl\u00fc \u00d6rme Makineleri T\u00fcrkiye Temsilcisi\",\"publisher\":{\"@id\":\"https:\/\/tmktekstil.com\/#organization\"},\"potentialAction\":[{\"@type\":\"SearchAction\",\"target\":{\"@type\":\"EntryPoint\",\"urlTemplate\":\"https:\/\/tmktekstil.com\/?s={search_term_string}\"},\"query-input\":\"required name=search_term_string\"}],\"inLanguage\":\"tr\"},{\"@type\":\"Organization\",\"@id\":\"https:\/\/tmktekstil.com\/#organization\",\"name\":\"TMK Tekstil\",\"url\":\"https:\/\/tmktekstil.com\/\",\"logo\":{\"@type\":\"ImageObject\",\"inLanguage\":\"tr\",\"@id\":\"https:\/\/tmktekstil.com\/#\/schema\/logo\/image\/\",\"url\":\"\/wp-content\/uploads\/2023\/01\/aaaa.png\",\"contentUrl\":\"\/wp-content\/uploads\/2023\/01\/aaaa.png\",\"width\":167,\"height\":83,\"caption\":\"TMK Tekstil\"},\"image\":{\"@id\":\"https:\/\/tmktekstil.com\/#\/schema\/logo\/image\/\"},\"sameAs\":[\"https:\/\/www.linkedin.com\/in\/mehmet-ku-2917543a\",\"https:\/\/www.youtube.com\/channel\/UC_wo-giBER-mrCoqBuOYL7A\",\"https:\/\/www.instagram.com\/tmkteknik\"]}]}<\/script>\n<!-- \/ Yoast SEO plugin. -->","yoast_head_json":{"title":"kataloglar\u0131m\u0131z - TMK Tekstil","robots":{"index":"index","follow":"follow","max-snippet":"max-snippet:-1","max-image-preview":"max-image-preview:large","max-video-preview":"max-video-preview:-1"},"canonical":"https:\/\/tmktekstil.com\/index.php\/kataloglarimiz\/","og_locale":"tr_TR","og_type":"article","og_title":"kataloglar\u0131m\u0131z - TMK Tekstil","og_description":"2021 2021 katalo\u011funu indirmek i\u00e7in l\u00fctfen t\u0131klay\u0131n\u0131z 2022 2022 katalo\u011funu indirmek i\u00e7in l\u00fctfen t\u0131klay\u0131n\u0131z","og_url":"https:\/\/tmktekstil.com\/index.php\/kataloglarimiz\/","og_site_name":"TMK Tekstil","article_publisher":"https:\/\/www.instagram.com\/tmkteknik","article_modified_time":"2023-03-08T14:51:51+00:00","twitter_card":"summary_large_image","twitter_misc":{"Tahmini okuma s\u00fcresi":"1 dakika"},"schema":{"@context":"https:\/\/schema.org","@graph":[{"@type":"WebPage","@id":"https:\/\/tmktekstil.com\/index.php\/kataloglarimiz\/","url":"https:\/\/tmktekstil.com\/index.php\/kataloglarimiz\/","name":"kataloglar\u0131m\u0131z - TMK Tekstil","isPartOf":{"@id":"https:\/\/tmktekstil.com\/#website"},"datePublished":"2023-01-29T11:23:25+00:00","dateModified":"2023-03-08T14:51:51+00:00","breadcrumb":{"@id":"https:\/\/tmktekstil.com\/index.php\/kataloglarimiz\/#breadcrumb"},"inLanguage":"tr","potentialAction":[{"@type":"ReadAction","target":["https:\/\/tmktekstil.com\/index.php\/kataloglarimiz\/"]}]},{"@type":"BreadcrumbList","@id":"https:\/\/tmktekstil.com\/index.php\/kataloglarimiz\/#breadcrumb","itemListElement":[{"@type":"ListItem","position":1,"name":"Anasayfa","item":"https:\/\/tmktekstil.com\/"},{"@type":"ListItem","position":2,"name":"kataloglar\u0131m\u0131z"}]},{"@type":"WebSite","@id":"https:\/\/tmktekstil.com\/#website","url":"https:\/\/tmktekstil.com\/","name":"TMK Tekstil","description":"Run Feng Yuan \u00c7\u00f6zg\u00fcl\u00fc \u00d6rme Makineleri T\u00fcrkiye Temsilcisi","publisher":{"@id":"https:\/\/tmktekstil.com\/#organization"},"potentialAction":[{"@type":"SearchAction","target":{"@type":"EntryPoint","urlTemplate":"https:\/\/tmktekstil.com\/?s={search_term_string}"},"query-input":"required name=search_term_string"}],"inLanguage":"tr"},{"@type":"Organization","@id":"https:\/\/tmktekstil.com\/#organization","name":"TMK Tekstil","url":"https:\/\/tmktekstil.com\/","logo":{"@type":"ImageObject","inLanguage":"tr","@id":"https:\/\/tmktekstil.com\/#\/schema\/logo\/image\/","url":"\/wp-content\/uploads\/2023\/01\/aaaa.png","contentUrl":"\/wp-content\/uploads\/2023\/01\/aaaa.png","width":167,"height":83,"caption":"TMK Tekstil"},"image":{"@id":"https:\/\/tmktekstil.com\/#\/schema\/logo\/image\/"},"sameAs":["https:\/\/www.linkedin.com\/in\/mehmet-ku-2917543a","https:\/\/www.youtube.com\/channel\/UC_wo-giBER-mrCoqBuOYL7A","https:\/\/www.instagram.com\/tmkteknik"]}]}},"_links":{"self":[{"href":"https:\/\/tmktekstil.com\/index.php\/wp-json\/wp\/v2\/pages\/610"}],"collection":[{"href":"https:\/\/tmktekstil.com\/index.php\/wp-json\/wp\/v2\/pages"}],"about":[{"href":"https:\/\/tmktekstil.com\/index.php\/wp-json\/wp\/v2\/types\/page"}],"author":[{"embeddable":true,"href":"https:\/\/tmktekstil.com\/index.php\/wp-json\/wp\/v2\/users\/1"}],"replies":[{"embeddable":true,"href":"https:\/\/tmktekstil.com\/index.php\/wp-json\/wp\/v2\/comments?post=610"}],"version-history":[{"count":65,"href":"https:\/\/tmktekstil.com\/index.php\/wp-json\/wp\/v2\/pages\/610\/revisions"}],"predecessor-version":[{"id":925,"href":"https:\/\/tmktekstil.com\/index.php\/wp-json\/wp\/v2\/pages\/610\/revisions\/925"}],"wp:attachment":[{"href":"https:\/\/tmktekstil.com\/index.php\/wp-json\/wp\/v2\/media?parent=610"}],"curies":[{"name":"wp","href":"https:\/\/api.w.org\/{rel}","templated":true}]}}